{"id":1746,"date":"2017-10-27T10:30:59","date_gmt":"2017-10-27T08:30:59","guid":{"rendered":"https:\/\/www.rederiabkind.se\/our-cruises\/day-cruises\/"},"modified":"2025-04-26T09:54:25","modified_gmt":"2025-04-26T07:54:25","slug":"day-cruises","status":"publish","type":"page","link":"https:\/\/www.rederiabkind.se\/en\/our-cruises\/day-cruises\/","title":{"rendered":"Day cruises"},"content":{"rendered":"\n<h1>\n\t\t\tDay cruises\n\t\t<\/h1>\n\t\t\t<p>Join us on a day cruise along the beautiful Kinda Canal. <\/p>\t\t\n\t\t<a href=\"https:\/\/www.rederiabkind.se\/en\/kryssning\/canal-brunch-brunch-pa-kanalen\/\" target=\"_self\" aria-label=\"Post Element\" rel=\"noopener\"><\/a>\t\t\n\t\t\t\t\t\t\t\t\t\t\t\t\t\t<a href=\"https:\/\/www.rederiabkind.se\/en\/kryssning\/canal-brunch-brunch-pa-kanalen\/\" target=\"_self\" title=\"Canal Brunch\/Brunch p\u00e5 kanalen\" rel=\"noopener\">\n\t\t\t\t<img decoding=\"async\" src=\"https:\/\/www.rederiabkind.se\/wp-content\/uploads\/2017\/10\/10409563_894890777245352_1606912982328758780_n.jpg\" alt=\"\">\n\t\t\t\t<\/a>\n\t\t\t\t\t\t<h3>\n\t\t\t\t<a href=\"https:\/\/www.rederiabkind.se\/en\/kryssning\/canal-brunch-brunch-pa-kanalen\/\" title=\"Canal Brunch\/Brunch p\u00e5 kanalen\" tabindex=\"0\">Canal Brunch\/Brunch p\u00e5 kanalen<\/a>\t\t\t<\/h3>\n\t\t<a href=\"https:\/\/www.rederiabkind.se\/en\/kryssning\/sunday-efternoon-buffet-sondag-med-smorgasbord\/\" target=\"_self\" aria-label=\"Post Element\" rel=\"noopener\"><\/a>\t\t\n\t\t\t\t\t\t\t\t\t\t\t\t\t\t<a href=\"https:\/\/www.rederiabkind.se\/en\/kryssning\/sunday-efternoon-buffet-sondag-med-smorgasbord\/\" target=\"_self\" title=\"Sunday afternoon buff\u00e9t\/S\u00f6ndag med sm\u00f6rg\u00e5sbord\" rel=\"noopener\">\n\t\t\t\t<img decoding=\"async\" src=\"https:\/\/www.rederiabkind.se\/wp-content\/uploads\/2018\/02\/kindfem051-1024x680.jpg\" alt=\"\">\n\t\t\t\t<\/a>\n\t\t\t\t\t\t<h3>\n\t\t\t\t<a href=\"https:\/\/www.rederiabkind.se\/en\/kryssning\/sunday-efternoon-buffet-sondag-med-smorgasbord\/\" title=\"Sunday afternoon buff\u00e9t\/S\u00f6ndag med sm\u00f6rg\u00e5sbord\" tabindex=\"0\">Sunday afternoon buff\u00e9t\/S\u00f6ndag med sm\u00f6rg\u00e5sbord<\/a>\t\t\t<\/h3>\n\t\t<a href=\"https:\/\/www.rederiabkind.se\/en\/kryssning\/1698\/\" target=\"_self\" aria-label=\"Post Element\" rel=\"noopener\"><\/a>\t\t\n\t\t\t\t\t\t\t\t\t\t\t\t\t\t<a href=\"https:\/\/www.rederiabkind.se\/en\/kryssning\/1698\/\" target=\"_self\" title=\"Castle, canal and locks\/Slott och slussar\" rel=\"noopener\">\n\t\t\t\t<img decoding=\"async\" src=\"https:\/\/www.rederiabkind.se\/wp-content\/uploads\/2018\/02\/DSC3064-1024x678.jpg\" alt=\"\">\n\t\t\t\t<\/a>\n\t\t\t\t\t\t<h3>\n\t\t\t\t<a href=\"https:\/\/www.rederiabkind.se\/en\/kryssning\/1698\/\" title=\"Castle, canal and locks\/Slott och slussar\" tabindex=\"0\">Castle, canal and locks\/Slott och slussar<\/a>\t\t\t<\/h3>\n\t\t<a href=\"https:\/\/www.rederiabkind.se\/en\/kryssning\/grand-cruise\/\" target=\"_self\" aria-label=\"Post Element\" rel=\"noopener\"><\/a>\t\t\n\t\t\t\t\t\t\t\t\t\t\t\t\t\t<a href=\"https:\/\/www.rederiabkind.se\/en\/kryssning\/grand-cruise\/\" target=\"_self\" title=\"Grand Cruise\/Stora Kinda Kanalturen\" rel=\"noopener\">\n\t\t\t\t<img decoding=\"async\" src=\"https:\/\/www.rederiabkind.se\/wp-content\/uploads\/2018\/02\/DSC8837-1024x685.jpg\" alt=\"\">\n\t\t\t\t<\/a>\n\t\t\t\t\t\t<h3>\n\t\t\t\t<a href=\"https:\/\/www.rederiabkind.se\/en\/kryssning\/grand-cruise\/\" title=\"Grand Cruise\/Stora Kinda Kanalturen\" tabindex=\"0\">Grand Cruise\/Stora Kinda Kanalturen<\/a>\t\t\t<\/h3>\n\t<a href=\"https:\/\/www.rederiabkind.se\/en\/our-cruises\/\" target=\"_self\" role=\"button\" aria-label=\"All our cruises\" rel=\"noopener\">\n\t\t\t\t\t\tAll our cruises\n\t\t\t\t\t<\/a>\n\t\t<h2>\n\t\t\tGrand Cruise\n\t\t<\/h2>\n\t\t\t<p>Do you want to experience Kinda Kanal in all its glory with 14 magnificent locks, dug canal and adorable lake system?<\/p>\t\t\n\t<a href=\"https:\/\/www.rederiabkind.se\/en\/our-cruises\/grand-cruise\/\" target=\"_self\" role=\"button\" aria-label=\"Read more\" rel=\"noopener\">\n\t\t\t\t\t\tRead more\n\t\t\t\t\t<\/a>\n","protected":false},"excerpt":{"rendered":"<p>Day cruises Join us on a day cruise along the beautiful Kinda Canal. Canal Brunch\/Brunch p\u00e5 kanalen Sunday afternoon buff\u00e9t\/S\u00f6ndag [&hellip;]<\/p>\n","protected":false},"author":3,"featured_media":0,"parent":1483,"menu_order":0,"comment_status":"closed","ping_status":"closed","template":"","meta":{"inline_featured_image":false,"site-sidebar-layout":"default","site-content-layout":"","ast-site-content-layout":"default","site-content-style":"default","site-sidebar-style":"default","ast-global-header-display":"","ast-banner-title-visibility":"","ast-main-header-display":"","ast-hfb-above-header-display":"","ast-hfb-below-header-display":"","ast-hfb-mobile-header-display":"","site-post-title":"","ast-breadcrumbs-content":"","ast-featured-img":"","footer-sml-layout":"","ast-disable-related-posts":"","theme-transparent-header-meta":"","adv-header-id-meta":"","stick-header-meta":"","header-above-stick-meta":"","header-main-stick-meta":"","header-below-stick-meta":"","astra-migrate-meta-layouts":"default","ast-page-background-enabled":"default","ast-page-background-meta":{"desktop":{"background-color":"var(--ast-global-color-4)","background-image":"","background-repeat":"repeat","background-position":"center center","background-size":"auto","background-attachment":"scroll","background-type":"","background-media":"","overlay-type":"","overlay-color":"","overlay-opacity":"","overlay-gradient":""},"tablet":{"background-color":"","background-image":"","background-repeat":"repeat","background-position":"center center","background-size":"auto","background-attachment":"scroll","background-type":"","background-media":"","overlay-type":"","overlay-color":"","overlay-opacity":"","overlay-gradient":""},"mobile":{"background-color":"","background-image":"","background-repeat":"repeat","background-position":"center center","background-size":"auto","background-attachment":"scroll","background-type":"","background-media":"","overlay-type":"","overlay-color":"","overlay-opacity":"","overlay-gradient":""}},"ast-content-background-meta":{"desktop":{"background-color":"var(--ast-global-color-5)","background-image":"","background-repeat":"repeat","background-position":"center center","background-size":"auto","background-attachment":"scroll","background-type":"","background-media":"","overlay-type":"","overlay-color":"","overlay-opacity":"","overlay-gradient":""},"tablet":{"background-color":"var(--ast-global-color-5)","background-image":"","background-repeat":"repeat","background-position":"center center","background-size":"auto","background-attachment":"scroll","background-type":"","background-media":"","overlay-type":"","overlay-color":"","overlay-opacity":"","overlay-gradient":""},"mobile":{"background-color":"var(--ast-global-color-5)","background-image":"","background-repeat":"repeat","background-position":"center center","background-size":"auto","background-attachment":"scroll","background-type":"","background-media":"","overlay-type":"","overlay-color":"","overlay-opacity":"","overlay-gradient":""}},"footnotes":""},"class_list":["post-1746","page","type-page","status-publish","hentry"],"_links":{"self":[{"href":"https:\/\/www.rederiabkind.se\/en\/wp-json\/wp\/v2\/pages\/1746","targetHints":{"allow":["GET"]}}],"collection":[{"href":"https:\/\/www.rederiabkind.se\/en\/wp-json\/wp\/v2\/pages"}],"about":[{"href":"https:\/\/www.rederiabkind.se\/en\/wp-json\/wp\/v2\/types\/page"}],"author":[{"embeddable":true,"href":"https:\/\/www.rederiabkind.se\/en\/wp-json\/wp\/v2\/users\/3"}],"replies":[{"embeddable":true,"href":"https:\/\/www.rederiabkind.se\/en\/wp-json\/wp\/v2\/comments?post=1746"}],"version-history":[{"count":4,"href":"https:\/\/www.rederiabkind.se\/en\/wp-json\/wp\/v2\/pages\/1746\/revisions"}],"predecessor-version":[{"id":2054,"href":"https:\/\/www.rederiabkind.se\/en\/wp-json\/wp\/v2\/pages\/1746\/revisions\/2054"}],"up":[{"embeddable":true,"href":"https:\/\/www.rederiabkind.se\/en\/wp-json\/wp\/v2\/pages\/1483"}],"wp:attachment":[{"href":"https:\/\/www.rederiabkind.se\/en\/wp-json\/wp\/v2\/media?parent=1746"}],"curies":[{"name":"wp","href":"https:\/\/api.w.org\/{rel}","templated":true}]}}