{"id":1538,"date":"2017-10-27T14:46:31","date_gmt":"2017-10-27T12:46:31","guid":{"rendered":"https:\/\/www.rederiabkind.se\/\/our-cruises\/winter-cruises-with-m-s-kind\/"},"modified":"2026-03-18T10:46:07","modified_gmt":"2026-03-18T09:46:07","slug":"winter-cruises-with-m-s-kind","status":"publish","type":"page","link":"https:\/\/www.rederiabkind.se\/en\/our-cruises\/winter-cruises-with-m-s-kind\/","title":{"rendered":"Winter Cruises with M\/S Kind"},"content":{"rendered":"\n\n\t\t<h1>\n\t\t\tWinter Cruises with M\/S Kind\n\t\t<\/h1>\n\t\t\t<p>We release the moorings with M\/S &#8220;Kind&#8221; and cruise along the St\u00e5ng\u00e5n as far as weather and wind permit. The cruise departs and arrives at Link\u00f6ping&#8217;s harbour\/Toll bridge (southern St\u00e5nggatan 1) and follows the St\u00e5ng\u00e5n&#8217;s route between Pumpbron and Nykvarn&#8217;s lock. An excellent opportunity to enjoy a beautiful winter illuminated Link\u00f6ping in Christmas decorations viewed from the lakeside.  <\/p>\t\t\n\t<a href=\"https:\/\/www.rederiabkind.se\/\/en\/book-a-cruise\/\" target=\"_self\" role=\"button\" aria-label=\"Book online\">\n\t\t\t\t\t\tBook online\n\t\t\t\t\t<\/a>\n\t\t<h2>\n\t\t\tFloating Christmas table &#8211; \u00d6sterg\u00f6tland&#8217;s only one\n\t\t<\/h2>\n\t\t\t<p>We release the moorings and travel across the winter water along the St\u00e5ng\u00e5n as far as weather and wind permit. <br \/>Between Pumpbron and Nykvarn&#8217;s lock, where we turn just before the lock. An excellent opportunity to enjoy a beautifully lit Link\u00f6ping in Christmas decorations in an unbeatable ship environment <br \/>viewed from the water side.On board you will be greeted by a personal Christmas meal, prepared in the ship&#8217;s own galley. Of classic cut in a cozy and cozy ship environment. We promise that what is served, we prepare with care in the ship&#8217;s galley on board with our own &#8220;twist&#8221;. But we stick to the traditions. The view of Link\u00f6ping from the water side in winter darkness through the salon windows provides a very special, unique and magical setting.The winter cruises are carried out during the period <br \/>November 30 through December 20. <br \/>Det g\u00e5r bra att boka p\u00e5 v\u00e5ra programlagda kryssningar It is possible to book on our scheduled cruises <br \/>both during the day and evening. <br \/>If you are a larger group and want a unique winter experience for yourselves, we arrange the entire event for up to 60 guests.Booking conditions<br \/>Cancellation with more than 48 hours <br \/>no cancellation fee<br \/>The number can be adjusted no later than 4 hours before departure.<\/p>\t\t\n\t\t<h2>\n\t\t\tWinter cruise with MS\/ Kind and surrounding arrangements\n\t\t<\/h2>\n\t\t\t<p>If you are a group of at least 10 people and book a Christmas cruise with M\/S Kind, we will be happy to help arrange additional arrangements for the winter experience &#8220;Christmas on St\u00e5ng\u00e5n&#8221;. It can be bus transport, an overnight stay at one of the hotels within a convenient distance or according to other requests. We provide proposals and price information on request.<strong>Price from is provided on request\/quote<\/strong><strong>Booking and information:<\/strong> +46 (0)70-638 02 30 eller kind@rederiabkind.se.<\/p>\t\t\n\t<a href=\"https:\/\/www.rederiabkind.se\/\/en\/kinda-canal-packages\/\" target=\"_self\" role=\"button\" aria-label=\"See more packages\">\n\t\t\t\t\t\tSee more packages\n\t\t\t\t\t<\/a>\n\t\t<h2>\n\t\t\tOwn party with Christmas table\n\t\t<\/h2>\n\t\t\t<p>Are you a larger group? <br \/>or want the whole ship to yourselves <br \/>can we organize the entire arrangement.\u00a0<\/p>\t\t\n\t<a href=\"https:\/\/www.rederiabkind.se\/\/en\/contact-us\/\" target=\"_self\" role=\"button\" aria-label=\"Please contact us for more information.\">\n\t\t\t\t\t\tPlease contact us for more information.\n\t\t\t\t\t<\/a>\n\t\t\t\t\t\t\t<button aria-label=\"previous\" type=\"button\">\n<\/button>\n\t\t\t\t<button aria-label=\"next\" type=\"button\">\n<\/button>\n\t\t<ul>\n\t\t\t\t<li>\n\t\t\t<img decoding=\"async\" loading=\"false\" src=\"https:\/\/www.rederiabkind.se\/wp-content\/uploads\/2018\/02\/DSC0566.jpg\" alt=\"\" \/>\t\t\t\n\t\t<\/li>\n\t\t\t<li>\n\t\t\t<img decoding=\"async\" loading=\"false\" src=\"https:\/\/www.rederiabkind.se\/wp-content\/uploads\/2018\/02\/Kind6.jpg\" alt=\"\" \/>\t\t\t\n\t\t<\/li>\n\t\t\t<li>\n\t\t\t<img decoding=\"async\" loading=\"false\" src=\"https:\/\/www.rederiabkind.se\/wp-content\/uploads\/2018\/02\/DSC0580.jpg\" alt=\"\" \/>\t\t\t\n\t\t<\/li>\n\t\t<\/ul>\n\n","protected":false},"excerpt":{"rendered":"<p>Winter Cruises with M\/S Kind We release the moorings with M\/S &#8220;Kind&#8221; and cruise along the St\u00e5ng\u00e5n as far as [&hellip;]<\/p>\n","protected":false},"author":3,"featured_media":0,"parent":1483,"menu_order":0,"comment_status":"closed","ping_status":"closed","template":"","meta":{"inline_featured_image":false,"site-sidebar-layout":"default","site-content-layout":"","ast-site-content-layout":"default","site-content-style":"default","site-sidebar-style":"default","ast-global-header-display":"","ast-banner-title-visibility":"","ast-main-header-display":"","ast-hfb-above-header-display":"","ast-hfb-below-header-display":"","ast-hfb-mobile-header-display":"","site-post-title":"","ast-breadcrumbs-content":"","ast-featured-img":"","footer-sml-layout":"","ast-disable-related-posts":"","theme-transparent-header-meta":"","adv-header-id-meta":"","stick-header-meta":"","header-above-stick-meta":"","header-main-stick-meta":"","header-below-stick-meta":"","astra-migrate-meta-layouts":"default","ast-page-background-enabled":"default","ast-page-background-meta":{"desktop":{"background-color":"var(--ast-global-color-4)","background-image":"","background-repeat":"repeat","background-position":"center center","background-size":"auto","background-attachment":"scroll","background-type":"","background-media":"","overlay-type":"","overlay-color":"","overlay-opacity":"","overlay-gradient":""},"tablet":{"background-color":"","background-image":"","background-repeat":"repeat","background-position":"center center","background-size":"auto","background-attachment":"scroll","background-type":"","background-media":"","overlay-type":"","overlay-color":"","overlay-opacity":"","overlay-gradient":""},"mobile":{"background-color":"","background-image":"","background-repeat":"repeat","background-position":"center center","background-size":"auto","background-attachment":"scroll","background-type":"","background-media":"","overlay-type":"","overlay-color":"","overlay-opacity":"","overlay-gradient":""}},"ast-content-background-meta":{"desktop":{"background-color":"var(--ast-global-color-5)","background-image":"","background-repeat":"repeat","background-position":"center center","background-size":"auto","background-attachment":"scroll","background-type":"","background-media":"","overlay-type":"","overlay-color":"","overlay-opacity":"","overlay-gradient":""},"tablet":{"background-color":"var(--ast-global-color-5)","background-image":"","background-repeat":"repeat","background-position":"center center","background-size":"auto","background-attachment":"scroll","background-type":"","background-media":"","overlay-type":"","overlay-color":"","overlay-opacity":"","overlay-gradient":""},"mobile":{"background-color":"var(--ast-global-color-5)","background-image":"","background-repeat":"repeat","background-position":"center center","background-size":"auto","background-attachment":"scroll","background-type":"","background-media":"","overlay-type":"","overlay-color":"","overlay-opacity":"","overlay-gradient":""}},"footnotes":""},"class_list":["post-1538","page","type-page","status-publish","hentry"],"_links":{"self":[{"href":"https:\/\/www.rederiabkind.se\/en\/wp-json\/wp\/v2\/pages\/1538","targetHints":{"allow":["GET"]}}],"collection":[{"href":"https:\/\/www.rederiabkind.se\/en\/wp-json\/wp\/v2\/pages"}],"about":[{"href":"https:\/\/www.rederiabkind.se\/en\/wp-json\/wp\/v2\/types\/page"}],"author":[{"embeddable":true,"href":"https:\/\/www.rederiabkind.se\/en\/wp-json\/wp\/v2\/users\/3"}],"replies":[{"embeddable":true,"href":"https:\/\/www.rederiabkind.se\/en\/wp-json\/wp\/v2\/comments?post=1538"}],"version-history":[{"count":6,"href":"https:\/\/www.rederiabkind.se\/en\/wp-json\/wp\/v2\/pages\/1538\/revisions"}],"predecessor-version":[{"id":2289,"href":"https:\/\/www.rederiabkind.se\/en\/wp-json\/wp\/v2\/pages\/1538\/revisions\/2289"}],"up":[{"embeddable":true,"href":"https:\/\/www.rederiabkind.se\/en\/wp-json\/wp\/v2\/pages\/1483"}],"wp:attachment":[{"href":"https:\/\/www.rederiabkind.se\/en\/wp-json\/wp\/v2\/media?parent=1538"}],"curies":[{"name":"wp","href":"https:\/\/api.w.org\/{rel}","templated":true}]}}