{"id":1514,"date":"2018-02-28T13:14:11","date_gmt":"2018-02-28T12:14:11","guid":{"rendered":"https:\/\/www.rederiabkind.se\/\/package-with-activity\/"},"modified":"2024-05-06T07:59:24","modified_gmt":"2024-05-06T05:59:24","slug":"package-with-activity","status":"publish","type":"page","link":"https:\/\/www.rederiabkind.se\/en\/package-with-activity\/","title":{"rendered":"Package with activity"},"content":{"rendered":"\n\n\t\t<h1>\n\t\t\tPackage with activity\n\t\t<\/h1>\n\t\t\t<p>Experience Kinda Canal in combination with fresh air and exercise in magnificent nature. You choose the scope yourself. The \u00d6stg\u00f6taleden includes approximately 120 miles of hiking trails through the \u00d6stg\u00f6tal cultural landscape. We have selected two options that you can hike in combination with a cruise and a meal on board M\/S &#8220;Kind&#8221; along the Kinda Canal.    <br \/>Kinda Canal walking package can be booked by tel. 070-638 02 30.<\/p>\t\t\n\t<meta itemscope itemprop=\"mainEntityOfPage\" itemtype=\"https:\/\/schema.org\/WebPage\" itemid=\"https:\/\/www.rederiabkind.se\/en\/paket\/tradgardsforeningen-gamla-linkoping\/\" content=\"Tr\u00e4dg\u00e5rdsf\u00f6reningen &#8211; Gamla Link\u00f6ping\" \/><meta itemprop=\"datePublished\" content=\"2018-02-28\" \/><meta itemprop=\"dateModified\" content=\"2024-03-05\" \/><meta itemprop=\"name\" content=\"Rederi AB Kind\"\/><meta itemprop=\"url\" content=\"https:\/\/www.rederiabkind.se\/en\/author\/kind\/\" \/><meta itemprop=\"name\" content=\"kind\" \/><meta itemprop=\"interactionType\" content=\"https:\/\/schema.org\/CommentAction\" \/><meta itemprop=\"userInteractionCount\" content=\"0\" \/><h3>Tr\u00e4dg\u00e5rdsf\u00f6reningen &#8211; Gamla Link\u00f6ping<\/h3>\n   <p>Excellent alternative to the Kinda Canal\/hotel packages.<\/p>\n<p>The route mainly follows footpaths and cycle paths and for the most part has good accessibility. It passes several valuable green areas such as Magistratshagen, Djurg\u00e5rden and the Vallaskogen nature reserve. Link\u00f6ping&#8217;s military history is shown in the Garrison Museum next to the trail. Old Link\u00f6ping is a unique open-air museum consisting of a small town with relocated and newly built old-style houses and the Valla leisure area with, among other things, a playground, mini golf course and hostel. The route lacks wind protection. This route is perfect for supplementing your Kinda Kanal hotel package stay if you book a hotel package at Scandic City and Park Hotel.<\/p>\n   <h4>Package content<\/h4> This route is perfect for<br \/>\nsupplement your Kinda Canal hotel package stay if you book a hotel package at Scandic City.\n   <h4>Price<\/h4> <p>The hike is free of charge.<\/p>\n   <h4>Booking and information<\/h4> <p>Kinda Canal walking package can be booked by tel. 070-638 02 30.<\/p>\n\t<meta itemscope itemprop=\"mainEntityOfPage\" itemtype=\"https:\/\/schema.org\/WebPage\" itemid=\"https:\/\/www.rederiabkind.se\/en\/paket\/eklandskapet-vidingsjo-hamra-hovetorp\/\" content=\"Oak landscape, Vidingsj\u00f6 - Hamra\/Hovetorp\" \/><meta itemprop=\"datePublished\" content=\"2018-02-28\" \/><meta itemprop=\"dateModified\" content=\"2024-04-17\" \/><meta itemprop=\"name\" content=\"Rederi AB Kind\"\/><meta itemprop=\"url\" content=\"https:\/\/www.rederiabkind.se\/en\/author\/kind\/\" \/><meta itemprop=\"name\" content=\"kind\" \/><meta itemprop=\"interactionType\" content=\"https:\/\/schema.org\/CommentAction\" \/><meta itemprop=\"userInteractionCount\" content=\"0\" \/><h3>Oak landscape, Vidingsj\u00f6 &#8211; Hamra\/Hovetorp<\/h3>\n   <p>Approx. 11 km. (estimated trekking time 3-4 hours) relatively easy hiking route that follows the paths and minor roads through Europe&#8217;s largest oak woodlands. The trail passes beautiful pastures, oaks and connects at the magnificent gateway Party Hamra \/ Hovetorp along the Kinda Canal. The walk takes approx. four hours. Boarding the M\/S Kind in Hamra 12:40. Lunch is served on board.<\/p>\n<p>.<\/p>\n   <h4>Package content<\/h4> <p>Vidingsj\u00f6-Hamra\/Hovetorps slussar 11 km<\/p>\nThe hike starts at Vidingsj\u00f6 motion center Link\u00f6ping:<br \/>\nVidingsj\u00f6 exercise center has a cafe, club rooms, changing rooms, toilets and a sauna. The center is used extensively by exercisers, school classes and sports associations and is a suitable starting point for activities in Vidingsj\u00f6skogen. There is a parking space, barbecue areas, a small toboggan run, ball fields, an adventure track for children, an outdoor gym and a shorter nature trail adapted for the disabled. \u00d6stg\u00f6taleden passes the center and several exercise tracks start from the site.\nFind here<br \/>\nYou can reach the exercise center and the entrance to the Vidingsj\u00f6skogen nature reserve, for example, via the cycle path along Haningeleden. With public transport, you can reach the area with bus 1, 16 or 17. From the H\u00e4sslegatan stop in Vidingsj\u00f6, you have a 500 meter walk to the entrance at Vidingsj\u00f6 exercise center. If you come by car, take Haningeleden. In Vidingsj\u00f6 there are signs for the exercise centre.\n<p>This route is considered easy-medium spring and it follows paths and minor roads through a fantastic oak landscape which is the largest in Northern Europe. You can also enjoy beautiful meadows and nice sluice environments in Kinda canal at Hamra and Hovetorp. Vid slussen d\u00e4r finns kiosk och toaletter. Feel free to make a short detour to Fornhemmet, a homestead area with a croft and outbuildings where you can imagine how life could have been in the 18th and 19th centuries. There are also really big oaks here, some with a diameter of up to 2 metres.<\/p>\n<p>After the walk, you board the M\/S &#8220;Kind&#8221; at the Hovetorp locks. approx. 12.10.<\/p>\n<p>Lunch is served on board M\/S &#8220;Kind&#8221; takes you back to Link\u00f6ping\/Tullbron approx. at 16.00.<\/p>\n   <h4>Price<\/h4> <p>SEK 695 p.p. incl. hiking, cruise etc. lunch (hot dish excl. drink).<\/p>\n   <h4>Booking and information<\/h4> <p>Saturdays: 25\/5 until 13\/7 as well as 17\/8 until 24\/8<\/p>\n<p>Period 16\/7 until 10\/8: Wednesdays, Fridays and Sundays<\/p>\n<p>Kinda Canal walking package can be booked by tel. 070-638 02 30 or by mail: kind@rederiabkind.se<\/p>\n\t\t<h2>\n\t\t\tPackage with overnight stay\n\t\t<\/h2>\n\t\t\t<p>Make something extra out of your cruise and combine it with an overnight stay at one of our partners.<\/p>\t\t\n\t<a href=\"https:\/\/www.rederiabkind.se\/\/en\/package-with-overnight-stay\/\" target=\"_self\" role=\"button\" aria-label=\"Read more\" rel=\"noopener\">\n\t\t\t\t\t\tRead more\n\t\t\t\t\t<\/a>\n\n","protected":false},"excerpt":{"rendered":"<p>Package with activity Experience Kinda Canal in combination with fresh air and exercise in magnificent nature. You choose the scope [&hellip;]<\/p>\n","protected":false},"author":3,"featured_media":0,"parent":0,"menu_order":0,"comment_status":"closed","ping_status":"closed","template":"","meta":{"inline_featured_image":false,"site-sidebar-layout":"default","site-content-layout":"","ast-site-content-layout":"default","site-content-style":"default","site-sidebar-style":"default","ast-global-header-display":"","ast-banner-title-visibility":"","ast-main-header-display":"","ast-hfb-above-header-display":"","ast-hfb-below-header-display":"","ast-hfb-mobile-header-display":"","site-post-title":"","ast-breadcrumbs-content":"","ast-featured-img":"","footer-sml-layout":"","ast-disable-related-posts":"","theme-transparent-header-meta":"","adv-header-id-meta":"","stick-header-meta":"","header-above-stick-meta":"","header-main-stick-meta":"","header-below-stick-meta":"","astra-migrate-meta-layouts":"default","ast-page-background-enabled":"default","ast-page-background-meta":{"desktop":{"background-color":"var(--ast-global-color-4)","background-image":"","background-repeat":"repeat","background-position":"center center","background-size":"auto","background-attachment":"scroll","background-type":"","background-media":"","overlay-type":"","overlay-color":"","overlay-opacity":"","overlay-gradient":""},"tablet":{"background-color":"","background-image":"","background-repeat":"repeat","background-position":"center center","background-size":"auto","background-attachment":"scroll","background-type":"","background-media":"","overlay-type":"","overlay-color":"","overlay-opacity":"","overlay-gradient":""},"mobile":{"background-color":"","background-image":"","background-repeat":"repeat","background-position":"center center","background-size":"auto","background-attachment":"scroll","background-type":"","background-media":"","overlay-type":"","overlay-color":"","overlay-opacity":"","overlay-gradient":""}},"ast-content-background-meta":{"desktop":{"background-color":"var(--ast-global-color-5)","background-image":"","background-repeat":"repeat","background-position":"center center","background-size":"auto","background-attachment":"scroll","background-type":"","background-media":"","overlay-type":"","overlay-color":"","overlay-opacity":"","overlay-gradient":""},"tablet":{"background-color":"var(--ast-global-color-5)","background-image":"","background-repeat":"repeat","background-position":"center center","background-size":"auto","background-attachment":"scroll","background-type":"","background-media":"","overlay-type":"","overlay-color":"","overlay-opacity":"","overlay-gradient":""},"mobile":{"background-color":"var(--ast-global-color-5)","background-image":"","background-repeat":"repeat","background-position":"center center","background-size":"auto","background-attachment":"scroll","background-type":"","background-media":"","overlay-type":"","overlay-color":"","overlay-opacity":"","overlay-gradient":""}},"footnotes":""},"class_list":["post-1514","page","type-page","status-publish","hentry"],"_links":{"self":[{"href":"https:\/\/www.rederiabkind.se\/en\/wp-json\/wp\/v2\/pages\/1514","targetHints":{"allow":["GET"]}}],"collection":[{"href":"https:\/\/www.rederiabkind.se\/en\/wp-json\/wp\/v2\/pages"}],"about":[{"href":"https:\/\/www.rederiabkind.se\/en\/wp-json\/wp\/v2\/types\/page"}],"author":[{"embeddable":true,"href":"https:\/\/www.rederiabkind.se\/en\/wp-json\/wp\/v2\/users\/3"}],"replies":[{"embeddable":true,"href":"https:\/\/www.rederiabkind.se\/en\/wp-json\/wp\/v2\/comments?post=1514"}],"version-history":[{"count":4,"href":"https:\/\/www.rederiabkind.se\/en\/wp-json\/wp\/v2\/pages\/1514\/revisions"}],"predecessor-version":[{"id":1872,"href":"https:\/\/www.rederiabkind.se\/en\/wp-json\/wp\/v2\/pages\/1514\/revisions\/1872"}],"wp:attachment":[{"href":"https:\/\/www.rederiabkind.se\/en\/wp-json\/wp\/v2\/media?parent=1514"}],"curies":[{"name":"wp","href":"https:\/\/api.w.org\/{rel}","templated":true}]}}