{"id":1508,"date":"2017-10-27T11:26:07","date_gmt":"2017-10-27T09:26:07","guid":{"rendered":"https:\/\/www.rederiabkind.se\/\/our-cruises\/grand-cruise\/"},"modified":"2026-03-16T12:18:55","modified_gmt":"2026-03-16T11:18:55","slug":"grand-cruise","status":"publish","type":"page","link":"https:\/\/www.rederiabkind.se\/en\/our-cruises\/grand-cruise\/","title":{"rendered":"Grand Cruise"},"content":{"rendered":"\n\n\t\t<h1>\n\t\t\tGrand Cruise of Kinda Canal\n\t\t<\/h1>\n\t\t\t<p>If you want to experience in all of it&#8217;s glory, with 14 magnificent locks, cut canal and captivating lake system, we recommend our Store Kanalturen or &#8220;Grand Cruise:. Beginning in Link\u00f6ping and ending in Rimforsa, (or vice versa) it takes around 6 or 7 hours, offering an extensive tour of the canal system. The restaurant on board serves an \u00e0 la carte menu, a selection of cakes, beverages and coffee.<\/p>\t\t\n<h2>\n\t\t\tBoka online hos Billetto\t<\/h2>\n<billetto-organiser-widget type=\"calendar\" organiser=\"4729903\" organization=\"billetto.se\" lang=\"sv\" theme=\"light\" color=\"#232a47\"><\/billetto-organiser-widget>\n\t\t<h2>\n\t\t\tGrand cruise 2026\n\t\t<\/h2>\n\t\t\t<p>If you want to experience in all of it&#8217;s glory, with 14 magnificent locks, cut canal and captivating lake system, we recommend our Store Kanalturen or &#8220;Grand Cruise:. Beginning in Link\u00f6ping and ending in Rimforsa, (or vice versa) it takes around 6 or 7 hours, offering an extensive tour of the canal system. The restaurant on board serves an \u00e0 la carte menu, a selection of cakes, beverages and coffee.<strong>Price cruise: 605 SEK<\/strong><br \/>Food, drinks, bus or train transport is added<strong>Perioden 10\/7 &#8211; 1\/8<\/strong>Link\u00f6ping-Rimforsa, fridays, tabel 1Rimforsa-Link\u00f6ping, saturdays, tabel 2<\/p>\t\t\n\t\t<h3>\n\t\t\tTidtabell 1\n\t\t<\/h3>\n\t\t\t<p>M\/S &#8220;Kind&#8221; fr\u00e5n Link\u00f6ping till Rimforsa.<\/p>\t\t\n<table  data-tablesaw-minimap>\n\t\t\t<thead>\n\t\t<tr>\n\t\t\t<th id=\"pp-table-col-1\" scope=\"col\" data-tablesaw-sortable-col>\t\t\t\t\t\n\t\t\t\t\t\t\t\t\t\t\t\tH\u00e5llplats\t\t\t\t\t\n\t\t\t\t\t<\/th><th id=\"pp-table-col-2\" scope=\"col\" data-tablesaw-sortable-col>\t\t\t\t\t\n\t\t\t\t\t\t\t\t\t\t\t\tAvg\u00e5ng\t\t\t\t\t\n\t\t\t\t\t<\/th>\t\t<\/tr>\n\t<\/thead>\n\t\t<tbody>\n\t\t<tr data-row-index=\"1\"><td>Link\u00f6ping, Tullbron<\/td><td>10:00<\/td><\/tr><tr data-row-index=\"2\"><td>Tannefors \u00f6vre<\/td><td>ca 10:40<\/td><\/tr><tr data-row-index=\"3\"><td>Hackefors<\/td><td>ca 11:20<\/td><\/tr><tr data-row-index=\"4\"><td>Hjulsbro**<\/td><td>ca 11:30<\/td><\/tr><tr data-row-index=\"5\"><td>Slattefors<\/td><td>ca 11:55<\/td><\/tr><tr data-row-index=\"6\"><td>Sturefors<\/td><td>ca 12:25<\/td><\/tr><tr data-row-index=\"7\"><td>Hamra \u00f6vre<\/td><td>ca 13:20<\/td><\/tr><tr data-row-index=\"8\"><td>Hovetorp \u00f6vre<\/td><td>ca 14:10<\/td><\/tr><tr data-row-index=\"9\"><td>Brokind<\/td><td>ca 15:40<\/td><\/tr><tr data-row-index=\"10\"><td>Rimforsa brygga<\/td><td>ca 16:45<\/td><\/tr><tr data-row-index=\"11\"><td>Rimforsa nya hamnen<\/td><td>Ank. 17:00<\/td><\/tr>\t<\/tbody>\n<\/table>\n\t\t\t\t\t\t\t\t\t\t\t\n\t\t\t<p><strong>Return to Link\u00f6ping: <\/strong>Train 8560 dep. Rimforsa brygga kl. 17.05 arr. Link\u00f6ping RC kl.17.36.<\/p>\t\t\n\t\t<h3>\n\t\t\tTidtabell 2\n\t\t<\/h3>\n\t\t\t<p>M\/S &#8220;Kind&#8221; fr\u00e5n Rimforsa till Link\u00f6ping.<\/p>\t\t\n<table  data-tablesaw-minimap>\n\t\t\t<thead>\n\t\t<tr>\n\t\t\t<th id=\"pp-table-col-1\" scope=\"col\" data-tablesaw-sortable-col>\t\t\t\t\t\n\t\t\t\t\t\t\t\t\t\t\t\tH\u00e5llplats\t\t\t\t\t\n\t\t\t\t\t<\/th><th id=\"pp-table-col-2\" scope=\"col\" data-tablesaw-sortable-col>\t\t\t\t\t\n\t\t\t\t\t\t\t\t\t\t\t\tAvg\u00e5ng\t\t\t\t\t\n\t\t\t\t\t<\/th>\t\t<\/tr>\n\t<\/thead>\n\t\t<tbody>\n\t\t<tr data-row-index=\"1\"><td>Rimforsa nya hamnen<\/td><td>10:00<\/td><\/tr><tr data-row-index=\"2\"><td>Brokind<\/td><td>ca 10:40<\/td><\/tr><tr data-row-index=\"3\"><td>Hovetorp \u00f6vre<\/td><td>ca 12:10<\/td><\/tr><tr data-row-index=\"4\"><td>Hamra \u00f6vre<\/td><td>ca 12:40<\/td><\/tr><tr data-row-index=\"5\"><td>Sturefors<\/td><td>ca 13.30<\/td><\/tr><tr data-row-index=\"6\"><td>Slattefors<\/td><td>ca 14:00<\/td><\/tr><tr data-row-index=\"7\"><td>Hjulsbro**<\/td><td>ca 14:20<\/td><\/tr><tr data-row-index=\"8\"><td>Hackefors<\/td><td>ca 14:30<\/td><\/tr><tr data-row-index=\"9\"><td>Tannefors \u00f6vre<\/td><td>ca 15:10<\/td><\/tr><tr data-row-index=\"10\"><td>Link\u00f6ping, Tullbron<\/td><td>Ank. 16:00<\/td><\/tr>\t<\/tbody>\n<\/table>\n\t\t\t\t\t\t\t\t\t\t\t\n\t\t\t<p><strong>Transport to Rimforsa:<\/strong> Train 8555 dep. Link\u00f6ping Resecentrum kl. 08.24 arr. Rimforsa Station kl. 09.02.<strong>Return from Link\u00f6ping: <\/strong>Train 8563 dep, Link\u00f6ping RC 16.25 arr. Rimforsa 16.59.<\/p>\t\t\n\t<a href=\"#\" target=\"_self\" role=\"button\" aria-label=\"Buss- &amp; t\u00e5ganslutning\">\n\t\t\t\t\t\tBuss- &amp; t\u00e5ganslutning\n\t\t\t\t\t<\/a>\n\t\t<h3>\n\t\t\tHop on hop off\n\t\t<\/h3>\n\t\t\t<p><strong data-sfc-cb=\"\" data-processed=\"true\" data-complete=\"true\">Shorter or longer sections during the Grand Canal Tour<\/strong><br data-sfc-pl=\"|[]\" data-sfc-cb=\"\" data-processed=\"true\" data-complete=\"true\" \/>During the regular departures of the Grand Canal Tour from Link\u00f6ping and Rimforsa, it is possible to join for shorter sections with embarkation and disembarkation at the locks (see times in the tables above). Transport to and from the embarkation\/disembarkation points must be arranged independently. Price for a cruise up to a maximum of three hours: 555 SEK per person. Exceeding three hours: 605 SEK per person<\/p>\t\t\n\t\t<h2>\n\t\t\tExplore more of our cruises\n\t\t<\/h2>\n\t\t\t<p><strong data-sfc-cb=\"\" aria-owns=\"action-menu-parent-container\">Daytime or evening? We have the perfect cruise for everyone.<\/strong><\/p>\t\t\n\t\t<a href=\"https:\/\/www.rederiabkind.se\/en\/kryssning\/2024-kinda-special-rimforsa-linkoping\/\" title=\"View Box Content\" target=\"_self\"  aria-label=\"Post Element\"><\/a>\t\t\n\t\t\t\t\t\t\t\t\t\t\t\t\t\t<a href=\"https:\/\/www.rederiabkind.se\/en\/kryssning\/2024-kinda-special-rimforsa-linkoping\/\" target=\"_self\" title=\"2024 Kinda Special Rimforsa &#8211; Link\u00f6ping\">\n\t\t\t\t<img decoding=\"async\" src=\"https:\/\/www.rederiabkind.se\/wp-content\/uploads\/2018\/02\/DSC8844-1024x685.jpg\" alt=\"\" \/>\n\t\t\t\t<\/a>\n\t\t\t\t\t\t<h3>\n\t\t\t\t<a href=\"https:\/\/www.rederiabkind.se\/en\/kryssning\/2024-kinda-special-rimforsa-linkoping\/\" title=\"2024 Kinda Special Rimforsa &#8211; Link\u00f6ping\">2024 Kinda Special Rimforsa &#8211; Link\u00f6ping<\/a>\t\t\t<\/h3>\n\t\t<a href=\"https:\/\/www.rederiabkind.se\/en\/kryssning\/evening-at-the-canal-kvall-pa-kanalen-a-la-carte\/\" title=\"View Box Content\" target=\"_self\"  aria-label=\"Post Element\"><\/a>\t\t\n\t\t\t\t\t\t\t\t\t\t\t\t\t\t<a href=\"https:\/\/www.rederiabkind.se\/en\/kryssning\/evening-at-the-canal-kvall-pa-kanalen-a-la-carte\/\" target=\"_self\" title=\"Canal and evening\/Kv\u00e4ll p\u00e5 kanalen \u00e1 la carte\">\n\t\t\t\t<img decoding=\"async\" src=\"https:\/\/www.rederiabkind.se\/wp-content\/uploads\/2018\/02\/Tannefors_2-1024x683.jpg\" alt=\"\" \/>\n\t\t\t\t<\/a>\n\t\t\t\t\t\t<h3>\n\t\t\t\t<a href=\"https:\/\/www.rederiabkind.se\/en\/kryssning\/evening-at-the-canal-kvall-pa-kanalen-a-la-carte\/\" title=\"Canal and evening\/Kv\u00e4ll p\u00e5 kanalen \u00e1 la carte\">Canal and evening\/Kv\u00e4ll p\u00e5 kanalen \u00e1 la carte<\/a>\t\t\t<\/h3>\n\t\t<a href=\"https:\/\/www.rederiabkind.se\/en\/kryssning\/sunday-efternoon-buffet-sondag-med-smorgasbord\/\" title=\"View Box Content\" target=\"_self\"  aria-label=\"Post Element\"><\/a>\t\t\n\t\t\t\t\t\t\t\t\t\t\t\t\t\t<a href=\"https:\/\/www.rederiabkind.se\/en\/kryssning\/sunday-efternoon-buffet-sondag-med-smorgasbord\/\" target=\"_self\" title=\"Sunday afternoon buff\u00e9t\/S\u00f6ndag med sm\u00f6rg\u00e5sbord\">\n\t\t\t\t<img decoding=\"async\" src=\"https:\/\/www.rederiabkind.se\/wp-content\/uploads\/2018\/02\/kindfem051-1024x680.jpg\" alt=\"\" \/>\n\t\t\t\t<\/a>\n\t\t\t\t\t\t<h3>\n\t\t\t\t<a href=\"https:\/\/www.rederiabkind.se\/en\/kryssning\/sunday-efternoon-buffet-sondag-med-smorgasbord\/\" title=\"Sunday afternoon buff\u00e9t\/S\u00f6ndag med sm\u00f6rg\u00e5sbord\">Sunday afternoon buff\u00e9t\/S\u00f6ndag med sm\u00f6rg\u00e5sbord<\/a>\t\t\t<\/h3>\n\t<a href=\"https:\/\/www.rederiabkind.se\/en\/our-cruises\/\" target=\"_self\" role=\"button\" aria-label=\"View all cruises\">\n\t\t\t\t\t\tView all cruises\n\t\t\t\t\t<\/a>\n\n","protected":false},"excerpt":{"rendered":"<p>Grand Cruise of Kinda Canal If you want to experience in all of it&#8217;s glory, with 14 magnificent locks, cut [&hellip;]<\/p>\n","protected":false},"author":3,"featured_media":0,"parent":1483,"menu_order":0,"comment_status":"closed","ping_status":"closed","template":"","meta":{"inline_featured_image":false,"site-sidebar-layout":"default","site-content-layout":"","ast-site-content-layout":"default","site-content-style":"default","site-sidebar-style":"default","ast-global-header-display":"","ast-banner-title-visibility":"","ast-main-header-display":"","ast-hfb-above-header-display":"","ast-hfb-below-header-display":"","ast-hfb-mobile-header-display":"","site-post-title":"","ast-breadcrumbs-content":"","ast-featured-img":"","footer-sml-layout":"","ast-disable-related-posts":"","theme-transparent-header-meta":"","adv-header-id-meta":"","stick-header-meta":"","header-above-stick-meta":"","header-main-stick-meta":"","header-below-stick-meta":"","astra-migrate-meta-layouts":"default","ast-page-background-enabled":"default","ast-page-background-meta":{"desktop":{"background-color":"var(--ast-global-color-4)","background-image":"","background-repeat":"repeat","background-position":"center center","background-size":"auto","background-attachment":"scroll","background-type":"","background-media":"","overlay-type":"","overlay-color":"","overlay-opacity":"","overlay-gradient":""},"tablet":{"background-color":"","background-image":"","background-repeat":"repeat","background-position":"center center","background-size":"auto","background-attachment":"scroll","background-type":"","background-media":"","overlay-type":"","overlay-color":"","overlay-opacity":"","overlay-gradient":""},"mobile":{"background-color":"","background-image":"","background-repeat":"repeat","background-position":"center center","background-size":"auto","background-attachment":"scroll","background-type":"","background-media":"","overlay-type":"","overlay-color":"","overlay-opacity":"","overlay-gradient":""}},"ast-content-background-meta":{"desktop":{"background-color":"var(--ast-global-color-5)","background-image":"","background-repeat":"repeat","background-position":"center center","background-size":"auto","background-attachment":"scroll","background-type":"","background-media":"","overlay-type":"","overlay-color":"","overlay-opacity":"","overlay-gradient":""},"tablet":{"background-color":"var(--ast-global-color-5)","background-image":"","background-repeat":"repeat","background-position":"center center","background-size":"auto","background-attachment":"scroll","background-type":"","background-media":"","overlay-type":"","overlay-color":"","overlay-opacity":"","overlay-gradient":""},"mobile":{"background-color":"var(--ast-global-color-5)","background-image":"","background-repeat":"repeat","background-position":"center center","background-size":"auto","background-attachment":"scroll","background-type":"","background-media":"","overlay-type":"","overlay-color":"","overlay-opacity":"","overlay-gradient":""}},"footnotes":""},"class_list":["post-1508","page","type-page","status-publish","hentry"],"_links":{"self":[{"href":"https:\/\/www.rederiabkind.se\/en\/wp-json\/wp\/v2\/pages\/1508","targetHints":{"allow":["GET"]}}],"collection":[{"href":"https:\/\/www.rederiabkind.se\/en\/wp-json\/wp\/v2\/pages"}],"about":[{"href":"https:\/\/www.rederiabkind.se\/en\/wp-json\/wp\/v2\/types\/page"}],"author":[{"embeddable":true,"href":"https:\/\/www.rederiabkind.se\/en\/wp-json\/wp\/v2\/users\/3"}],"replies":[{"embeddable":true,"href":"https:\/\/www.rederiabkind.se\/en\/wp-json\/wp\/v2\/comments?post=1508"}],"version-history":[{"count":12,"href":"https:\/\/www.rederiabkind.se\/en\/wp-json\/wp\/v2\/pages\/1508\/revisions"}],"predecessor-version":[{"id":2279,"href":"https:\/\/www.rederiabkind.se\/en\/wp-json\/wp\/v2\/pages\/1508\/revisions\/2279"}],"up":[{"embeddable":true,"href":"https:\/\/www.rederiabkind.se\/en\/wp-json\/wp\/v2\/pages\/1483"}],"wp:attachment":[{"href":"https:\/\/www.rederiabkind.se\/en\/wp-json\/wp\/v2\/media?parent=1508"}],"curies":[{"name":"wp","href":"https:\/\/api.w.org\/{rel}","templated":true}]}}