{"id":1483,"date":"2017-10-05T14:42:09","date_gmt":"2017-10-05T12:42:09","guid":{"rendered":"https:\/\/www.rederiabkind.se\/\/our-cruises\/"},"modified":"2026-03-31T15:37:06","modified_gmt":"2026-03-31T13:37:06","slug":"our-cruises","status":"publish","type":"page","link":"https:\/\/www.rederiabkind.se\/en\/our-cruises\/","title":{"rendered":"Our cruises"},"content":{"rendered":"\n\n\t\t<h1>\n\t\t\tProgram 2026\n\t\t<\/h1>\n\t\t\t<p>Summer program<\/p>\t\t\n<figure itemscope itemtype=\"https:\/\/schema.org\/ImageObject\">\n\t\t\t\t<img decoding=\"async\" src=\"https:\/\/www.rederiabkind.se\/wp-content\/plugins\/bb-plugin\/img\/pixel.png\" alt=\"\" onerror=\"this.style.display='none'\" loading=\"lazy\" \/>\n\t<\/figure>\n\t<a href=\"https:\/\/www.rederiabkind.se\/wp-content\/uploads\/2026\/03\/Oversikts-schema-KI-eng-A4-2026.pdf\" target=\"_blank\" role=\"button\" rel=\"noopener\" aria-label=\"Download PDF\">\n\t\t\t\t\t\tDownload PDF\n\t\t\t\t\t<\/a>\n\t\t<h2>\n\t\t\tThe entire summer program\n\t\t<\/h2>\n\t\t\t<p>Experience Kinda Kanal <br \/>with us this summer.\u00a0<\/p>\t\t\n\t<a href=\"https:\/\/www.rederiabkind.se\/wp-content\/uploads\/2026\/03\/Oversikts-schema-KI-eng-A4-2026.pdf\" target=\"_blank\" role=\"button\" rel=\"noopener\" aria-label=\"Download PDF\">\n\t\t\t\t\t\tDownload PDF\n\t\t\t\t\t<\/a>\n\t\t<h2>\n\t\t\tOur program in english\n\t\t<\/h2>\n\t\t\t<p>Experience Kinda Canal with us this summer. Here you will find the whole summer program in English.<\/p>\t\t\n\t<a href=\"https:\/\/www.rederiabkind.se\/wp-content\/uploads\/2026\/03\/Oversikts-schema-KI-eng-A4-2026.pdf\" target=\"_blank\" role=\"button\" rel=\"noopener\" aria-label=\"Download as PDF\">\n\t\t\t\t\t\tDownload as PDF\n\t\t\t\t\t<\/a>\n\t\t<h2>\n\t\t\tOur cruises\n\t\t<\/h2>\n\t\t\t<p>Experience the Kinda Canal aboard the M\/S Kind, where we offer endless possibilities to create your perfect event-whether you&#8217;re a solo traveler or a group of up to 99 guests. Join one of our popular scheduled day or evening cruises, or charter the entire vessel for an exclusive experience where we design the journey together.<\/p>\t\t\n<ul><li data-filter=\"*\">All<\/li><li data-filter=\".uabb-masonary-cat-7\" tabindex=\"0\">Dagkryssningar<\/li><li data-filter=\".uabb-masonary-cat-6\" tabindex=\"0\">Kv\u00e4llskryssningar<\/li><li data-filter=\".uabb-masonary-cat-15\" tabindex=\"0\">S\u00e5ng &amp; Musik<\/li><\/ul>\n\t\t<a href=\"https:\/\/www.rederiabkind.se\/en\/kryssning\/saturday-lunch\/\" title=\"View Box Content\" target=\"_self\"  aria-label=\"Post Element\"><\/a>\t\t\n\t\t\t\t\t\t\t\t\t\t\t\t\t\t<a href=\"https:\/\/www.rederiabkind.se\/en\/kryssning\/saturday-lunch\/\" target=\"_self\" title=\"Saturday lunch\">\n\t\t\t\t<img decoding=\"async\" src=\"https:\/\/www.rederiabkind.se\/wp-content\/uploads\/2018\/02\/DSC0122-1024x680.jpg\" alt=\"\" \/>\n\t\t\t\t<\/a>\n\t\t\t\t\t\t<h3>\n\t\t\t\t<a href=\"https:\/\/www.rederiabkind.se\/en\/kryssning\/saturday-lunch\/\" title=\"Saturday lunch\">Saturday lunch<\/a>\t\t\t<\/h3>\n\t\t<a href=\"https:\/\/www.rederiabkind.se\/en\/kryssning\/sunny-summer-cruise\/\" title=\"View Box Content\" target=\"_self\"  aria-label=\"Post Element\"><\/a>\t\t\n\t\t\t\t\t\t\t\t\t\t\t\t\t\t<a href=\"https:\/\/www.rederiabkind.se\/en\/kryssning\/sunny-summer-cruise\/\" target=\"_self\" title=\"Sunny Summer Cruise\">\n\t\t\t\t<img decoding=\"async\" src=\"https:\/\/www.rederiabkind.se\/wp-content\/uploads\/2018\/02\/DSC0442-1024x680.jpg\" alt=\"\" \/>\n\t\t\t\t<\/a>\n\t\t\t\t\t\t<h3>\n\t\t\t\t<a href=\"https:\/\/www.rederiabkind.se\/en\/kryssning\/sunny-summer-cruise\/\" title=\"Sunny Summer Cruise\">Sunny Summer Cruise<\/a>\t\t\t<\/h3>\n\t\t<a href=\"https:\/\/www.rederiabkind.se\/en\/kryssning\/evening-at-the-canal-kvall-pa-kanalen-a-la-carte\/\" title=\"View Box Content\" target=\"_self\"  aria-label=\"Post Element\"><\/a>\t\t\n\t\t\t\t\t\t\t\t\t\t\t\t\t\t<a href=\"https:\/\/www.rederiabkind.se\/en\/kryssning\/evening-at-the-canal-kvall-pa-kanalen-a-la-carte\/\" target=\"_self\" title=\"Canal and evening\/Wine and dine\">\n\t\t\t\t<img decoding=\"async\" src=\"https:\/\/www.rederiabkind.se\/wp-content\/uploads\/2018\/02\/Tannefors_2-1024x683.jpg\" alt=\"\" \/>\n\t\t\t\t<\/a>\n\t\t\t\t\t\t<h3>\n\t\t\t\t<a href=\"https:\/\/www.rederiabkind.se\/en\/kryssning\/evening-at-the-canal-kvall-pa-kanalen-a-la-carte\/\" title=\"Canal and evening\/Wine and dine\">Canal and evening\/Wine and dine<\/a>\t\t\t<\/h3>\n\t\t<a href=\"https:\/\/www.rederiabkind.se\/en\/kryssning\/pop-music-at-the-top-pop-opp-i-topp\/\" title=\"View Box Content\" target=\"_self\"  aria-label=\"Post Element\"><\/a>\t\t\n\t\t\t\t\t\t\t\t\t\t\t\t\t\t<a href=\"https:\/\/www.rederiabkind.se\/en\/kryssning\/pop-music-at-the-top-pop-opp-i-topp\/\" target=\"_self\" title=\"Top of the pop\/Pop opp i topp.\">\n\t\t\t\t<img decoding=\"async\" src=\"https:\/\/www.rederiabkind.se\/wp-content\/uploads\/2017\/10\/DSC_0340-1024x680-1024x680.jpg\" alt=\"\" \/>\n\t\t\t\t<\/a>\n\t\t\t\t\t\t<h3>\n\t\t\t\t<a href=\"https:\/\/www.rederiabkind.se\/en\/kryssning\/pop-music-at-the-top-pop-opp-i-topp\/\" title=\"Top of the pop\/Pop opp i topp.\">Top of the pop\/Pop opp i topp.<\/a>\t\t\t<\/h3>\n\t\t<a href=\"https:\/\/www.rederiabkind.se\/en\/kryssning\/canal-and-three-courses-tre-ratter-pa-kanalen\/\" title=\"View Box Content\" target=\"_self\"  aria-label=\"Post Element\"><\/a>\t\t\n\t\t\t\t\t\t\t\t\t\t\t\t\t\t<a href=\"https:\/\/www.rederiabkind.se\/en\/kryssning\/canal-and-three-courses-tre-ratter-pa-kanalen\/\" target=\"_self\" title=\"Canal and three-course menu\/Tre r\u00e4tter p\u00e5 kanalen\">\n\t\t\t\t<img decoding=\"async\" src=\"https:\/\/www.rederiabkind.se\/wp-content\/uploads\/2017\/10\/JOH_8358-1024x680.jpg\" alt=\"\" \/>\n\t\t\t\t<\/a>\n\t\t\t\t\t\t<h3>\n\t\t\t\t<a href=\"https:\/\/www.rederiabkind.se\/en\/kryssning\/canal-and-three-courses-tre-ratter-pa-kanalen\/\" title=\"Canal and three-course menu\/Tre r\u00e4tter p\u00e5 kanalen\">Canal and three-course menu\/Tre r\u00e4tter p\u00e5 kanalen<\/a>\t\t\t<\/h3>\n\t\t<a href=\"https:\/\/www.rederiabkind.se\/en\/kryssning\/canal-brunch-brunch-pa-kanalen\/\" title=\"View Box Content\" target=\"_self\"  aria-label=\"Post Element\"><\/a>\t\t\n\t\t\t\t\t\t\t\t\t\t\t\t\t\t<a href=\"https:\/\/www.rederiabkind.se\/en\/kryssning\/canal-brunch-brunch-pa-kanalen\/\" target=\"_self\" title=\"Canal Brunch\/Brunch p\u00e5 kanalen\">\n\t\t\t\t<img decoding=\"async\" src=\"https:\/\/www.rederiabkind.se\/wp-content\/uploads\/2017\/10\/10409563_894890777245352_1606912982328758780_n.jpg\" alt=\"\" \/>\n\t\t\t\t<\/a>\n\t\t\t\t\t\t<h3>\n\t\t\t\t<a href=\"https:\/\/www.rederiabkind.se\/en\/kryssning\/canal-brunch-brunch-pa-kanalen\/\" title=\"Canal Brunch\/Brunch p\u00e5 kanalen\">Canal Brunch\/Brunch p\u00e5 kanalen<\/a>\t\t\t<\/h3>\n\t\t<a href=\"https:\/\/www.rederiabkind.se\/en\/kryssning\/sunday-efternoon-buffet-sondag-med-smorgasbord\/\" title=\"View Box Content\" target=\"_self\"  aria-label=\"Post Element\"><\/a>\t\t\n\t\t\t\t\t\t\t\t\t\t\t\t\t\t<a href=\"https:\/\/www.rederiabkind.se\/en\/kryssning\/sunday-efternoon-buffet-sondag-med-smorgasbord\/\" target=\"_self\" title=\"Sunday afternoon buff\u00e9t\/S\u00f6ndag med sm\u00f6rg\u00e5sbord\">\n\t\t\t\t<img decoding=\"async\" src=\"https:\/\/www.rederiabkind.se\/wp-content\/uploads\/2018\/02\/kindfem051-1024x680.jpg\" alt=\"\" \/>\n\t\t\t\t<\/a>\n\t\t\t\t\t\t<h3>\n\t\t\t\t<a href=\"https:\/\/www.rederiabkind.se\/en\/kryssning\/sunday-efternoon-buffet-sondag-med-smorgasbord\/\" title=\"Sunday afternoon buff\u00e9t\/S\u00f6ndag med sm\u00f6rg\u00e5sbord\">Sunday afternoon buff\u00e9t\/S\u00f6ndag med sm\u00f6rg\u00e5sbord<\/a>\t\t\t<\/h3>\n\t\t<a href=\"https:\/\/www.rederiabkind.se\/en\/kryssning\/1698\/\" title=\"View Box Content\" target=\"_self\"  aria-label=\"Post Element\"><\/a>\t\t\n\t\t\t\t\t\t\t\t\t\t\t\t\t\t<a href=\"https:\/\/www.rederiabkind.se\/en\/kryssning\/1698\/\" target=\"_self\" title=\"Castle, canal and locks\/Slott och slussar\">\n\t\t\t\t<img decoding=\"async\" src=\"https:\/\/www.rederiabkind.se\/wp-content\/uploads\/2018\/02\/DSC3064-1024x678.jpg\" alt=\"\" \/>\n\t\t\t\t<\/a>\n\t\t\t\t\t\t<h3>\n\t\t\t\t<a href=\"https:\/\/www.rederiabkind.se\/en\/kryssning\/1698\/\" title=\"Castle, canal and locks\/Slott och slussar\">Castle, canal and locks\/Slott och slussar<\/a>\t\t\t<\/h3>\n\t\t<a href=\"https:\/\/www.rederiabkind.se\/en\/kryssning\/grand-cruise\/\" title=\"View Box Content\" target=\"_self\"  aria-label=\"Post Element\"><\/a>\t\t\n\t\t\t\t\t\t\t\t\t\t\t\t\t\t<a href=\"https:\/\/www.rederiabkind.se\/en\/kryssning\/grand-cruise\/\" target=\"_self\" title=\"Grand Cruise\/Stora Kinda Kanalturen\">\n\t\t\t\t<img decoding=\"async\" src=\"https:\/\/www.rederiabkind.se\/wp-content\/uploads\/2018\/02\/DSC8837-1024x685.jpg\" alt=\"\" \/>\n\t\t\t\t<\/a>\n\t\t\t\t\t\t<h3>\n\t\t\t\t<a href=\"https:\/\/www.rederiabkind.se\/en\/kryssning\/grand-cruise\/\" title=\"Grand Cruise\/Stora Kinda Kanalturen\">Grand Cruise\/Stora Kinda Kanalturen<\/a>\t\t\t<\/h3>\n\t\t<h2>\n\t\t\tKinda Kanal Paket\n\t\t<\/h2>\n\t\t\t<p>Enhance your cruise experience by adding a hike in Vidingsj\u00f6&#8217;s oak landscape. Our variety of packages ensures there is an option for everyone to make their journey special<\/p>\t\t\n\t<a href=\"https:\/\/www.rederiabkind.se\/en\/kinda-canal-packages\/\" target=\"_self\" role=\"button\" aria-label=\"L\u00e4s mer\">\n\t\t\t\t\t\tL\u00e4s mer\n\t\t\t\t\t<\/a>\n\t\t\t\t\t\t\t<button aria-label=\"previous\" type=\"button\">\n<\/button>\n\t\t\t\t<button aria-label=\"next\" type=\"button\">\n<\/button>\n\t\t<ul>\n\t\t\t\t<li>\n\t\t\t<img decoding=\"async\" loading=\"false\" src=\"https:\/\/www.rederiabkind.se\/wp-content\/uploads\/2017\/10\/DSC_1019-1024x680.jpg\" alt=\"\" \/>\t\t\t\n\t\t<\/li>\n\t\t\t<li>\n\t\t\t<img decoding=\"async\" loading=\"false\" src=\"https:\/\/www.rederiabkind.se\/wp-content\/uploads\/2017\/10\/11988409_897939656940464_54921632917113531_n.jpg\" alt=\"\" \/>\t\t\t\n\t\t<\/li>\n\t\t\t<li>\n\t\t\t<img decoding=\"async\" loading=\"false\" src=\"https:\/\/www.rederiabkind.se\/wp-content\/uploads\/2017\/10\/DSC_0656-1024x680.jpg\" alt=\"\" \/>\t\t\t\n\t\t<\/li>\n\t\t<\/ul>\n\n","protected":false},"excerpt":{"rendered":"<p>Program 2026 Summer program Download PDF The entire summer program Experience Kinda Kanal with us this summer.\u00a0 Download PDF Our [&hellip;]<\/p>\n","protected":false},"author":3,"featured_media":0,"parent":0,"menu_order":0,"comment_status":"closed","ping_status":"closed","template":"","meta":{"inline_featured_image":false,"site-sidebar-layout":"default","site-content-layout":"","ast-site-content-layout":"default","site-content-style":"default","site-sidebar-style":"default","ast-global-header-display":"","ast-banner-title-visibility":"","ast-main-header-display":"","ast-hfb-above-header-display":"","ast-hfb-below-header-display":"","ast-hfb-mobile-header-display":"","site-post-title":"","ast-breadcrumbs-content":"","ast-featured-img":"","footer-sml-layout":"","ast-disable-related-posts":"","theme-transparent-header-meta":"","adv-header-id-meta":"","stick-header-meta":"","header-above-stick-meta":"","header-main-stick-meta":"","header-below-stick-meta":"","astra-migrate-meta-layouts":"default","ast-page-background-enabled":"default","ast-page-background-meta":{"desktop":{"background-color":"var(--ast-global-color-4)","background-image":"","background-repeat":"repeat","background-position":"center center","background-size":"auto","background-attachment":"scroll","background-type":"","background-media":"","overlay-type":"","overlay-color":"","overlay-opacity":"","overlay-gradient":""},"tablet":{"background-color":"","background-image":"","background-repeat":"repeat","background-position":"center center","background-size":"auto","background-attachment":"scroll","background-type":"","background-media":"","overlay-type":"","overlay-color":"","overlay-opacity":"","overlay-gradient":""},"mobile":{"background-color":"","background-image":"","background-repeat":"repeat","background-position":"center center","background-size":"auto","background-attachment":"scroll","background-type":"","background-media":"","overlay-type":"","overlay-color":"","overlay-opacity":"","overlay-gradient":""}},"ast-content-background-meta":{"desktop":{"background-color":"var(--ast-global-color-5)","background-image":"","background-repeat":"repeat","background-position":"center center","background-size":"auto","background-attachment":"scroll","background-type":"","background-media":"","overlay-type":"","overlay-color":"","overlay-opacity":"","overlay-gradient":""},"tablet":{"background-color":"var(--ast-global-color-5)","background-image":"","background-repeat":"repeat","background-position":"center center","background-size":"auto","background-attachment":"scroll","background-type":"","background-media":"","overlay-type":"","overlay-color":"","overlay-opacity":"","overlay-gradient":""},"mobile":{"background-color":"var(--ast-global-color-5)","background-image":"","background-repeat":"repeat","background-position":"center center","background-size":"auto","background-attachment":"scroll","background-type":"","background-media":"","overlay-type":"","overlay-color":"","overlay-opacity":"","overlay-gradient":""}},"footnotes":""},"class_list":["post-1483","page","type-page","status-publish","hentry"],"_links":{"self":[{"href":"https:\/\/www.rederiabkind.se\/en\/wp-json\/wp\/v2\/pages\/1483","targetHints":{"allow":["GET"]}}],"collection":[{"href":"https:\/\/www.rederiabkind.se\/en\/wp-json\/wp\/v2\/pages"}],"about":[{"href":"https:\/\/www.rederiabkind.se\/en\/wp-json\/wp\/v2\/types\/page"}],"author":[{"embeddable":true,"href":"https:\/\/www.rederiabkind.se\/en\/wp-json\/wp\/v2\/users\/3"}],"replies":[{"embeddable":true,"href":"https:\/\/www.rederiabkind.se\/en\/wp-json\/wp\/v2\/comments?post=1483"}],"version-history":[{"count":26,"href":"https:\/\/www.rederiabkind.se\/en\/wp-json\/wp\/v2\/pages\/1483\/revisions"}],"predecessor-version":[{"id":2397,"href":"https:\/\/www.rederiabkind.se\/en\/wp-json\/wp\/v2\/pages\/1483\/revisions\/2397"}],"wp:attachment":[{"href":"https:\/\/www.rederiabkind.se\/en\/wp-json\/wp\/v2\/media?parent=1483"}],"curies":[{"name":"wp","href":"https:\/\/api.w.org\/{rel}","templated":true}]}}